{"id":478,"date":"2019-05-29T13:45:23","date_gmt":"2019-05-29T13:45:23","guid":{"rendered":"http:\/\/cavaleirosdoceu.com\/?page_id=478"},"modified":"2019-05-29T14:39:17","modified_gmt":"2019-05-29T14:39:17","slug":"junho-2010","status":"publish","type":"page","link":"http:\/\/cavaleirosdoceu.com\/index.php\/junho-2010\/","title":{"rendered":"Junho 2010"},"content":{"rendered":"\t\t<div data-elementor-type=\"wp-post\" data-elementor-id=\"478\" class=\"elementor elementor-478\">\n\t\t\t\t\t\t<section class=\"elementor-section elementor-top-section elementor-element elementor-element-3fc0478d elementor-section-boxed elementor-section-height-default elementor-section-height-default\" data-id=\"3fc0478d\" data-element_type=\"section\">\n\t\t\t\t\t\t<div class=\"elementor-container elementor-column-gap-default\">\n\t\t\t\t\t<div class=\"elementor-column elementor-col-100 elementor-top-column elementor-element elementor-element-5c73ce19\" data-id=\"5c73ce19\" data-element_type=\"column\">\n\t\t\t<div class=\"elementor-widget-wrap elementor-element-populated\">\n\t\t\t\t\t\t<div class=\"elementor-element elementor-element-650770ad elementor-tabs-view-horizontal elementor-widget elementor-widget-tabs\" data-id=\"650770ad\" data-element_type=\"widget\" data-widget_type=\"tabs.default\">\n\t\t\t\t<div class=\"elementor-widget-container\">\n\t\t\t\t\t\t\t<div class=\"elementor-tabs\">\n\t\t\t<div class=\"elementor-tabs-wrapper\" role=\"tablist\" >\n\t\t\t\t\t\t\t\t\t<div id=\"elementor-tab-title-1691\" class=\"elementor-tab-title elementor-tab-desktop-title\" aria-selected=\"true\" data-tab=\"1\" role=\"tab\" tabindex=\"0\" aria-controls=\"elementor-tab-content-1691\" aria-expanded=\"false\">Programa Junho 2010<\/div>\n\t\t\t\t\t\t\t\t\t<div id=\"elementor-tab-title-1692\" class=\"elementor-tab-title elementor-tab-desktop-title\" aria-selected=\"false\" data-tab=\"2\" role=\"tab\" tabindex=\"-1\" aria-controls=\"elementor-tab-content-1692\" aria-expanded=\"false\">Carta de apresenta\u00e7\u00e3o<\/div>\n\t\t\t\t\t\t\t<\/div>\n\t\t\t<div class=\"elementor-tabs-content-wrapper\" role=\"tablist\" aria-orientation=\"vertical\">\n\t\t\t\t\t\t\t\t\t<div class=\"elementor-tab-title elementor-tab-mobile-title\" aria-selected=\"true\" data-tab=\"1\" role=\"tab\" tabindex=\"0\" aria-controls=\"elementor-tab-content-1691\" aria-expanded=\"false\">Programa Junho 2010<\/div>\n\t\t\t\t\t<div id=\"elementor-tab-content-1691\" class=\"elementor-tab-content elementor-clearfix\" data-tab=\"1\" role=\"tabpanel\" aria-labelledby=\"elementor-tab-title-1691\" tabindex=\"0\" hidden=\"false\"><h2><strong><span style=\"font-size: medium;\">Local:\u00a0\u00a0 Cernache\u00a0 &#8211; Coimbra<\/span><\/strong><\/h2><div><strong><span style=\"font-size: medium;\">Dia 24 de Junho de 2010 (5\u00ba feira)<\/span><\/strong><\/div><div>\u00a0<\/div><blockquote dir=\"ltr\"><div>17:00 Horas &#8211; Chegada das aeronaves ao aerodromo de Cernache e seus pilotos de Fran\u00e7a<\/div><\/blockquote><div><strong><span style=\"font-size: medium;\">Dia 25 de Junho de 2010 (6\u00ba feira)<\/span><\/strong><\/div><div>\u00a0<\/div><blockquote dir=\"ltr\"><p><span style=\"font-family: Georgia, 'Times New Roman', 'Bitstream Charter', Times, serif;\">\u00a09:30 Horas \u2013 Chegada das crian\u00e7as e dos jovens ao Aerodromo de Cernache\u00a0 \u00a0 \u00a0 \u00a0 \u00a0 \u00a0 \u00a0 \u00a0 \u00a0 \u00a0 \u00a0 \u00a0 \u00a0 \u00a0 \u00a0 \u00a0 \u00a0 \u00a0 \u00a0 \u00a0 \u00a0 \u00a0 \u00a0 \u00a0 \u00a0 \u00a0 \u00a0 \u00a0 \u00a0 \u00a0 \u00a0 \u00a0 \u00a0 \u00a0 \u00a0 \u00a0 \u00a0 \u00a0 \u00a0 \u00a0 \u00a0 \u00a0 \u00a0 \u00a0 <\/span>10:00 Horas \u2013 Inicio dos Baptismos de Voo<br \/>13:00 Horas \u2013 Pausa para almo\u00e7o<br \/>18:00 Horas \u2013 Fim de Baptismos de Voo\u00a0 \u00a0 \u00a0 \u00a0 \u00a0 \u00a0 \u00a0 \u00a0 \u00a0 \u00a0 \u00a0 \u00a0 \u00a0 \u00a0 \u00a0 \u00a0 \u00a0 \u00a0 \u00a0 \u00a0 \u00a0 \u00a0 \u00a0 \u00a0 \u00a0 \u00a0 \u00a0 \u00a0 \u00a0 \u00a0 \u00a0 \u00a0 \u00a0 \u00a0 \u00a0 \u00a0 \u00a0 \u00a0 \u00a0 \u00a0 \u00a0 \u00a0 \u00a0 \u00a0 \u00a0 \u00a0 \u00a0 \u00a0 \u00a0 \u00a0 \u00a0 \u00a0 \u00a0 \u00a0 \u00a0 \u00a0 \u00a0 \u00a0 \u00a0 \u00a0 \u00a0 \u00a0 \u00a0 \u00a0 \u00a0 \u00a0 \u00a0 \u00a0 \u00a0 \u00a0 21:00 Horas \u2013 Jantar partilhado com os pilotos<\/p><\/blockquote><div>\u00a0<\/div><div><strong><span style=\"font-size: medium;\">Dia 27 de Junho de 2010 (Domingo)<\/span><\/strong><\/div><div>\u00a0<\/div><blockquote dir=\"ltr\"><p>10:00 Horas \u2013 Regresso dos pilotos a Fran\u00e7a<\/p><\/blockquote><div><div>\u00a0<\/div><\/div><\/div>\n\t\t\t\t\t\t\t\t\t<div class=\"elementor-tab-title elementor-tab-mobile-title\" aria-selected=\"false\" data-tab=\"2\" role=\"tab\" tabindex=\"-1\" aria-controls=\"elementor-tab-content-1692\" aria-expanded=\"false\">Carta de apresenta\u00e7\u00e3o<\/div>\n\t\t\t\t\t<div id=\"elementor-tab-content-1692\" class=\"elementor-tab-content elementor-clearfix\" data-tab=\"2\" role=\"tabpanel\" aria-labelledby=\"elementor-tab-title-1692\" tabindex=\"0\" hidden=\"hidden\"><\/br><center><p dir=\"ltr\"><strong>Rotary Club de Pombal<\/strong><\/p>\n<p dir=\"ltr\"><strong>Em colabora\u00e7\u00e3o com a<\/strong><\/p>\n<p dir=\"ltr\"><strong>\u00a0\u00a0\u00a0\u00a0\u00a0\u00a0\u00a0\u00a0 Associa\u00e7\u00e3o Francesa Cavaleiros do C\u00e9u<\/strong><\/p>\n<p dir=\"ltr\"><strong>Carta de Apresenta\u00e7\u00e3o<\/strong><\/p><\/center>\n&nbsp;\n<p dir=\"ltr\">O evento <b>CAVALEIROS DO C\u00c9U<\/b> surge em parceria com a Associa\u00e7\u00e3o Francesa Cavaleiros do C\u00e9u \u2013 Sonho de Crian\u00e7a (Les Chevaliers du Ciel) e visa dar a oportunidade a crian\u00e7as portadoras de defici\u00eancia, do distrito de Leiria e Coimbra, a oportunidade de realizarem o baptismo de voo.<\/p>\n<p dir=\"ltr\">Este evento de cariz social ocorre pela segunda vez em Portugal, sendo promovido pela Associa\u00e7\u00e3o Francesa e apoiado pelo Rotary Club de Pombal. Ir\u00e1 realizar-se no fim-de-semana de 25 a 27 de Junho na zona centro do pa\u00eds, concretamente no Aer\u00f3dromo de Cernache \u2013 Coimbra.<\/p>\n<p dir=\"ltr\">Acreditamos que \u00e9 poss\u00edvel deixar as diferen\u00e7as em terra e seguir o sonho de voar, tendo um momento feliz e inesquec\u00edvel.<\/p>\n<p dir=\"ltr\">\u00c8 de referir que os pilotos que participam nestes eventos, o fazem voluntariamente com os seus 5 avi\u00f5es. O trajecto de ida e volta a Fran\u00e7a neste tipo de avi\u00f5es demora cerca de 16 horas, consumindo em m\u00e9dia cada avi\u00e3o 40 litros de gasolina por hora. Cerca de 3200L de combust\u00edvel. Para realizarmos cerca de 200 baptismos previstos em 2 dias, nestes avi\u00f5es, s\u00e3o necess\u00e1rios mais de 3000L de combust\u00edvel.<\/p>\n<p dir=\"ltr\">Para que este sonho se torne realidade, as nossas crian\u00e7as necessitam da colabora\u00e7\u00e3o de todos n\u00f3s!<\/p>\n<p dir=\"ltr\"><\/p>\n<p dir=\"ltr\">E-mail: <a href=\"mailto:info@cavaleirosdoceu.com\" target=\"_blank\" rel=\"noopener\">info@cavaleirosdoceu.com<\/a><\/p>\n<p dir=\"ltr\">H\u00e9lder Monteiro<\/p>\n<p dir=\"ltr\">V\u00e2nia Costa:\u00a0 Contacto: 919922152<\/p><\/div>\n\t\t\t\t\t\t\t<\/div>\n\t\t<\/div>\n\t\t\t\t\t\t<\/div>\n\t\t\t\t<\/div>\n\t\t\t\t\t<\/div>\n\t\t<\/div>\n\t\t\t\t\t<\/div>\n\t\t<\/section>\n\t\t\t\t<\/div>\n\t\t","protected":false},"excerpt":{"rendered":"<p>Programa Junho 2010 Carta de apresenta\u00e7\u00e3o Programa Junho 2010 Local:\u00a0\u00a0 Cernache\u00a0 &#8211; Coimbra Dia 24 de Junho de 2010 (5\u00ba feira)\u00a0 17:00 Horas &#8211; Chegada das aeronaves ao aerodromo de Cernache e seus pilotos de Fran\u00e7a Dia 25 de Junho de 2010 (6\u00ba feira)\u00a0 \u00a09:30 Horas \u2013 Chegada das crian\u00e7as e dos jovens ao Aerodromo&hellip; <a href=\"http:\/\/cavaleirosdoceu.com\/index.php\/junho-2010\/\" class=\"more-link\">Continue reading <span class=\"screen-reader-text\">Junho 2010<\/span><\/a><\/p>\n","protected":false},"author":1,"featured_media":0,"parent":0,"menu_order":0,"comment_status":"closed","ping_status":"closed","template":"","meta":{"footnotes":""},"class_list":["post-478","page","type-page","status-publish","hentry","without-featured-image"],"_links":{"self":[{"href":"http:\/\/cavaleirosdoceu.com\/index.php\/wp-json\/wp\/v2\/pages\/478","targetHints":{"allow":["GET"]}}],"collection":[{"href":"http:\/\/cavaleirosdoceu.com\/index.php\/wp-json\/wp\/v2\/pages"}],"about":[{"href":"http:\/\/cavaleirosdoceu.com\/index.php\/wp-json\/wp\/v2\/types\/page"}],"author":[{"embeddable":true,"href":"http:\/\/cavaleirosdoceu.com\/index.php\/wp-json\/wp\/v2\/users\/1"}],"replies":[{"embeddable":true,"href":"http:\/\/cavaleirosdoceu.com\/index.php\/wp-json\/wp\/v2\/comments?post=478"}],"version-history":[{"count":4,"href":"http:\/\/cavaleirosdoceu.com\/index.php\/wp-json\/wp\/v2\/pages\/478\/revisions"}],"predecessor-version":[{"id":501,"href":"http:\/\/cavaleirosdoceu.com\/index.php\/wp-json\/wp\/v2\/pages\/478\/revisions\/501"}],"wp:attachment":[{"href":"http:\/\/cavaleirosdoceu.com\/index.php\/wp-json\/wp\/v2\/media?parent=478"}],"curies":[{"name":"wp","href":"https:\/\/api.w.org\/{rel}","templated":true}]}}