{"id":396,"date":"2019-05-28T13:58:06","date_gmt":"2019-05-28T13:58:06","guid":{"rendered":"http:\/\/cavaleirosdoceu.com\/?page_id=396"},"modified":"2022-06-27T09:13:07","modified_gmt":"2022-06-27T09:13:07","slug":"historico","status":"publish","type":"page","link":"https:\/\/cavaleirosdoceu.com\/index.php\/historico\/","title":{"rendered":"Hist\u00f3rico"},"content":{"rendered":"\t\t<div data-elementor-type=\"wp-post\" data-elementor-id=\"396\" class=\"elementor elementor-396\">\n\t\t\t\t\t\t<section class=\"elementor-section elementor-top-section elementor-element elementor-element-dda7f04 elementor-section-boxed elementor-section-height-default elementor-section-height-default\" data-id=\"dda7f04\" data-element_type=\"section\">\n\t\t\t\t\t\t<div class=\"elementor-container elementor-column-gap-default\">\n\t\t\t\t\t<div class=\"elementor-column elementor-col-100 elementor-top-column elementor-element elementor-element-96afbda\" data-id=\"96afbda\" data-element_type=\"column\">\n\t\t\t<div class=\"elementor-widget-wrap elementor-element-populated\">\n\t\t\t\t\t\t<div class=\"elementor-element elementor-element-31bc74f elementor-widget elementor-widget-text-editor\" data-id=\"31bc74f\" data-element_type=\"widget\" data-widget_type=\"text-editor.default\">\n\t\t\t\t<div class=\"elementor-widget-container\">\n\t\t\t\t\t\t\t\t\t<div><strong>Primeiro evento Cavaleiros do C\u00e9u realizou-se a 5 de Setembro 2008.\u00a0<\/strong><\/div><div>\u00a0<\/div><div><strong>Nos primeiros anos o evento era realizado de 2 em 2 anos por dificuldades financeiras.<\/strong><br \/><strong><br \/><\/strong><\/div><div><div style=\"font-family: Poppins, sans-serif; font-size: 17px; font-weight: 400; font-style: normal;\"><strong style=\"font-size: 17px;\">A partir de 2014 o evento passou-se a realizar anualmente, interrompido em 2020 e 2021 pela Pandemia Covid-19.<\/strong><\/div><div style=\"font-family: Poppins, sans-serif; font-size: 17px; font-weight: 400; font-style: normal;\">\u00a0<\/div><div style=\"font-family: Poppins, sans-serif; font-size: 17px; font-style: normal;\"><b><span style=\"font-family: Poppins, sans-serif; font-size: 17px; font-style: normal; color: var( --e-global-color-text );\">A 9\u00aa edi\u00e7\u00e3o de \u201cBatismos de Voo\u201d realizou-se em 2022,\u00a0<\/span><\/b><span style=\"font-family: Poppins, sans-serif; font-size: 17px; font-style: normal; font-weight: bold; color: var( --e-global-color-text );\">dia 23 de Junho,\u00a0<\/span><b style=\"color: var( --e-global-color-text );\"><span style=\"font-family: Poppins, sans-serif; font-size: 17px; font-style: normal; color: var( --e-global-color-text );\">quinta-feira,\u00a0<\/span><span style=\"font-family: Poppins, sans-serif; font-size: 17px; font-style: normal; color: var( --e-global-color-text );\">no Aer\u00f3dromo Municipal de Leiria, e sexta-feira, dia 24 de junho, no Aer\u00f3dromo\u00a0<\/span><\/b><b style=\"color: var( --e-global-color-text );\">Municipal Bissaya Barreto, em Coimbra.\u00a0<\/b><\/div><div style=\"font-family: Poppins, sans-serif; font-size: 17px; font-style: normal;\"><b style=\"color: var( --e-global-color-text );\">\u00a0<\/b><\/div><div style=\"font-family: Poppins, sans-serif; font-size: 17px; font-style: normal;\"><b style=\"color: var( --e-global-color-text );\">Com o apoio dos diversos Rotary Clubs da\u00a0<span style=\"font-family: Poppins, sans-serif; font-size: 17px; font-style: normal; color: var( --e-global-color-text );\">zona Centro e dos aeroclubes de Leiria e Cernache, a associa\u00e7\u00e3o Cavaleiros do C\u00e9u vai\u00a0<\/span><span style=\"font-family: Poppins, sans-serif; font-size: 17px; font-style: normal; color: var( --e-global-color-text );\">oferecer batismos de voo a cerca de 280 crian\u00e7as portadoras de defici\u00eancia e\u00a0<\/span><span style=\"font-family: Poppins, sans-serif; font-size: 17px; font-style: normal; color: var( --e-global-color-text );\">mobilidade reduzida, provenientes de institui\u00e7\u00f5es de apoio e de centros de\u00a0<\/span><span style=\"font-family: Poppins, sans-serif; font-size: 17px; font-style: normal; color: var( --e-global-color-text );\">acolhimento dos distritos de Leiria e de Coimbra.<\/span><\/b><\/div><div style=\"font-family: Poppins, sans-serif; font-size: 17px; font-style: normal;\"><span style=\"font-family: Poppins, sans-serif; font-size: 17px; font-style: normal; color: var( --e-global-color-text );\"><b>\u00a0<\/b><\/span><\/div><div style=\"font-family: Poppins, sans-serif; font-size: 17px; font-style: normal;\"><b>O evento \u00e9 gratuito e conta com a participa\u00e7\u00e3o de 10 pilotos e oito avi\u00f5es. Cada voo\u00a0<span style=\"font-family: Poppins, sans-serif; font-size: 17px; font-style: normal; color: var( --e-global-color-text );\">tem a dura\u00e7\u00e3o de 15 minutos e todos os pilotos que participam no evento s\u00e3o\u00a0<\/span><span style=\"font-family: Poppins, sans-serif; font-size: 17px; font-style: normal; color: var( --e-global-color-text );\">volunt\u00e1rios. A iniciativa, criada por Manuel da Silva, nasceu em Fran\u00e7a e chegou a\u00a0<\/span><span style=\"font-family: Poppins, sans-serif; font-size: 17px; font-style: normal; color: var( --e-global-color-text );\">Portugal, pela primeira vez, em 2008, com o objetivo de proporcionar um momento de\u00a0<\/span><span style=\"font-family: Poppins, sans-serif; font-size: 17px; font-style: normal; color: var( --e-global-color-text );\">divers\u00e3o para as crian\u00e7as.<\/span><\/b><\/div><div style=\"font-family: Poppins, sans-serif; font-size: 17px; font-style: normal;\"><span style=\"font-family: Poppins, sans-serif; font-size: 17px; font-style: normal; color: var( --e-global-color-text );\"><b>\u00a0<\/b><\/span><\/div><div style=\"font-family: Poppins, sans-serif; font-size: 17px; font-style: normal;\"><b>\u201cBatismos de Voo\u201d decorre anualmente e, enquanto evento solid\u00e1rio de cariz social, a\u00a0<span style=\"font-family: Poppins, sans-serif; font-size: 17px; font-style: normal; color: var( --e-global-color-text );\">organiza\u00e7\u00e3o apela \u00e0 colabora\u00e7\u00e3o nesta iniciativa atrav\u00e9s de parcerias que auxiliem com\u00a0<\/span><span style=\"color: var( --e-global-color-text ); font-family: Poppins, sans-serif; font-size: 17px; font-style: normal;\">as despesas inerentes ao programa.<\/span><\/b><\/div><\/div>\t\t\t\t\t\t\t\t<\/div>\n\t\t\t\t<\/div>\n\t\t\t\t\t<\/div>\n\t\t<\/div>\n\t\t\t\t\t<\/div>\n\t\t<\/section>\n\t\t\t\t<\/div>\n\t\t","protected":false},"excerpt":{"rendered":"<p>Primeiro evento Cavaleiros do C\u00e9u realizou-se a 5 de Setembro 2008.\u00a0\u00a0Nos primeiros anos o evento era realizado de 2 em 2 anos por dificuldades financeiras.A partir de 2014 o evento passou-se a realizar anualmente, interrompido em 2020 e 2021 pela Pandemia Covid-19.\u00a0A 9\u00aa edi\u00e7\u00e3o de \u201cBatismos de Voo\u201d realizou-se em 2022,\u00a0dia 23 de Junho,\u00a0quinta-feira,\u00a0no Aer\u00f3dromo&hellip; <a href=\"https:\/\/cavaleirosdoceu.com\/index.php\/historico\/\" class=\"more-link\">Continue reading <span class=\"screen-reader-text\">Hist\u00f3rico<\/span><\/a><\/p>\n","protected":false},"author":17,"featured_media":0,"parent":0,"menu_order":0,"comment_status":"closed","ping_status":"closed","template":"","meta":{"footnotes":""},"class_list":["post-396","page","type-page","status-publish","hentry","without-featured-image"],"_links":{"self":[{"href":"https:\/\/cavaleirosdoceu.com\/index.php\/wp-json\/wp\/v2\/pages\/396","targetHints":{"allow":["GET"]}}],"collection":[{"href":"https:\/\/cavaleirosdoceu.com\/index.php\/wp-json\/wp\/v2\/pages"}],"about":[{"href":"https:\/\/cavaleirosdoceu.com\/index.php\/wp-json\/wp\/v2\/types\/page"}],"author":[{"embeddable":true,"href":"https:\/\/cavaleirosdoceu.com\/index.php\/wp-json\/wp\/v2\/users\/17"}],"replies":[{"embeddable":true,"href":"https:\/\/cavaleirosdoceu.com\/index.php\/wp-json\/wp\/v2\/comments?post=396"}],"version-history":[{"count":25,"href":"https:\/\/cavaleirosdoceu.com\/index.php\/wp-json\/wp\/v2\/pages\/396\/revisions"}],"predecessor-version":[{"id":2296,"href":"https:\/\/cavaleirosdoceu.com\/index.php\/wp-json\/wp\/v2\/pages\/396\/revisions\/2296"}],"wp:attachment":[{"href":"https:\/\/cavaleirosdoceu.com\/index.php\/wp-json\/wp\/v2\/media?parent=396"}],"curies":[{"name":"wp","href":"https:\/\/api.w.org\/{rel}","templated":true}]}}